{"id":13,"date":"2016-07-14T17:36:12","date_gmt":"2016-07-14T23:36:12","guid":{"rendered":"http:\/\/inscripcion.esen.edu.sv\/registro\/?page_id=13"},"modified":"2025-11-21T15:13:39","modified_gmt":"2025-11-21T21:13:39","slug":"formularios","status":"publish","type":"page","link":"https:\/\/registroacademico.esen.edu.sv\/index.php\/formularios\/","title":{"rendered":"Formularios"},"content":{"rendered":"<h2>Revisi\u00f3n de ex\u00e1menes<\/h2>\n<p>Debe completar los campos con su informaci\u00f3n y llenar aquellas preguntas que desea revisi\u00f3n. Si el examen es escrito, debe incluirlo junto con la hoja de revisi\u00f3n de ex\u00e1menes.<\/p>\n<p>Las revisiones de controles y tareas son entregadas directamente al profesor, los ex\u00e1menes parciales y finales puede entregarlos en las oficinas de Registro Acad\u00e9mico. Cuando le sea entregado cualquier evaluaci\u00f3n, tiene 5 d\u00edas h\u00e1biles de actividades acad\u00e9micas para presentar su revisi\u00f3n.<\/p>\n<p>Descargue el formulario: <a href=\"https:\/\/registroacademico.esen.edu.sv\/wp-content\/uploads\/2016\/07\/Formato-de-Revisi\u00f3n-de-Ex\u00e1menes.pdf\">Formato de Revisi\u00f3n de Ex\u00e1menes<\/a><\/p>\n<h2>Reporte de horas sociales<\/h2>\n<p>Deber completar todos los campos y ser presentado en las oficinas de la Direcci\u00f3n Estudiantil.<\/p>\n<p>Descargue el formulario: <a href=\"https:\/\/registroacademico.esen.edu.sv\/wp-content\/uploads\/2019\/12\/Formato-de-Horas-Sociales.pdf\">Formato de Horas Sociales<\/a><\/p>\n<h2>Solicitud de retiro<\/h2>\n<p>Para cualquier alumno que deba retirarse, temporal o permanente, debe completar la Solicitud de Retiro, la cual se llena en l\u00ednea, una vez completada inicia el proceso, al finalizar personal de Registro Acad\u00e9mico se pondr\u00e1 en contacto para indicar que ha finalizado el proceso.<\/p>\n<p>Llena la solicitud de retiro <a href=\"https:\/\/forms.office.com\/r\/04q155vhQq\">aqu\u00ed<\/a>.<\/p>\n\n\n<h2 class=\"wp-block-heading\">Justificar Inasistencia o Incumplimiento<\/h2>\n\n\n\n<p class=\"wp-block-paragraph\">El siguiente formulario es para justificar la inasistencia o el incumplimiento de actividades acad\u00e9micas, este debe ser llenado y presentado con la asistente de decanos.<\/p>\n\n\n\n<p class=\"wp-block-paragraph\">Descargue el formulario: <a href=\"https:\/\/registroacademico.esen.edu.sv\/wp-content\/uploads\/2024\/06\/FORMULARIO-PARA-JUSTIFICAR-INASISTENCIA-O-INCUMPLIMIENTO.docx\">Justificar Inasistencia o Incumplimiento<\/a><\/p>\n","protected":false},"excerpt":{"rendered":"<p>Revisi\u00f3n de ex\u00e1menes Debe completar los campos con su informaci\u00f3n y llenar aquellas preguntas que desea revisi\u00f3n. Si el examen es escrito, debe incluirlo junto con la hoja de revisi\u00f3n de ex\u00e1menes. Las revisiones de controles y tareas son entregadas <a href=\"https:\/\/registroacademico.esen.edu.sv\/index.php\/formularios\/\" class=\"read-more\">Leer m\u00e1s &#8230;<\/a><\/p>\n","protected":false},"author":1,"featured_media":0,"parent":0,"menu_order":0,"comment_status":"closed","ping_status":"closed","template":"","meta":{"_crdt_document":"","footnotes":""},"class_list":["post-13","page","type-page","status-publish","hentry"],"_links":{"self":[{"href":"https:\/\/registroacademico.esen.edu.sv\/index.php\/wp-json\/wp\/v2\/pages\/13","targetHints":{"allow":["GET"]}}],"collection":[{"href":"https:\/\/registroacademico.esen.edu.sv\/index.php\/wp-json\/wp\/v2\/pages"}],"about":[{"href":"https:\/\/registroacademico.esen.edu.sv\/index.php\/wp-json\/wp\/v2\/types\/page"}],"author":[{"embeddable":true,"href":"https:\/\/registroacademico.esen.edu.sv\/index.php\/wp-json\/wp\/v2\/users\/1"}],"replies":[{"embeddable":true,"href":"https:\/\/registroacademico.esen.edu.sv\/index.php\/wp-json\/wp\/v2\/comments?post=13"}],"version-history":[{"count":16,"href":"https:\/\/registroacademico.esen.edu.sv\/index.php\/wp-json\/wp\/v2\/pages\/13\/revisions"}],"predecessor-version":[{"id":703,"href":"https:\/\/registroacademico.esen.edu.sv\/index.php\/wp-json\/wp\/v2\/pages\/13\/revisions\/703"}],"wp:attachment":[{"href":"https:\/\/registroacademico.esen.edu.sv\/index.php\/wp-json\/wp\/v2\/media?parent=13"}],"curies":[{"name":"wp","href":"https:\/\/api.w.org\/{rel}","templated":true}]}}