{"id":2,"date":"2016-07-14T22:25:39","date_gmt":"2016-07-14T22:25:39","guid":{"rendered":"http:\/\/inscripcion.esen.edu.sv\/registro\/?page_id=2"},"modified":"2023-06-05T16:36:16","modified_gmt":"2023-06-05T22:36:16","slug":"servicios","status":"publish","type":"page","link":"https:\/\/registroacademico.esen.edu.sv\/index.php\/servicios\/","title":{"rendered":"Servicios"},"content":{"rendered":"<p>Registro Acad\u00e9mico cuenta con un sistema para alumnos, donde pueden encontrar varios servicios accesibles en l\u00ednea. Otros servicios solo pueden accederse en las oficinas, situadas atr\u00e1s de la fuente de la plaza Legorreta.<\/p>\n<h2>Sistema para alumnos<\/h2>\n<p>En el sistema para alumno se puede acceder a:<\/p>\n<ul>\n<li><strong>Inscripci\u00f3n de materias<\/strong>: los alumnos, pueden realizar su inscripci\u00f3n de notas desde cualquier lugar con acceso a internet, el sistema les presenta una lista de las materias que est\u00e1n disponibles para su a\u00f1o y carrrera. Solo cuando el alumno tiene problemas para llevar la carga regular de la ESEN, tendr\u00e1 que realizar su inscripci\u00f3n a trav\u00e9s del decano\/a de su respectiva carrera.<\/li>\n<li><strong>Evaluaci\u00f3n de profesores<\/strong>: la \u00faltima semana de clases, todos los alumnos deben evaluar a sus profesores, esto tambi\u00e9n se realiza a trav\u00e9s del sistema de alumnos. La evaluaci\u00f3n es an\u00f3nima.<\/li>\n<li><strong>Publicaci\u00f3n de notas<\/strong>: el sistema para alumnos es el \u00fanico oficial para la publicaci\u00f3n de notas. Al finalizar cada ciclo, a las 5:00 p.m. todos los d\u00edas el sistema publica las notas que han sido entregadas, adem\u00e1s el alumno puede acceder al historial de notas obtenidas, desde que ingres\u00f3 a la instituci\u00f3n.<\/li>\n<li><strong>Publicaci\u00f3n de estado de requisitos de graduaci\u00f3n<\/strong>: en sistema el alumno puede revisar si ya cumpli\u00f3 los requisitos de graduaci\u00f3n, que son: TOEFL, horas sociales y pr\u00e1cticas profesionales, adem\u00e1s de las unidades valorativas ganadas.<\/li>\n<li><strong>Actualizaci\u00f3n de informaci\u00f3n personal<\/strong>: en sistema es posible actualizar varios campos, como correo electr\u00f3nico y tel\u00e9fonos, requeridos para ponernos en contacto con nuestros alumnos.<\/li>\n<li><strong>Elaboraci\u00f3n de curr\u00edculos<\/strong>: para todos los alumnos, est\u00e1 disponible una herramienta para la elaboraci\u00f3n de sus curr\u00edculos, con base en el dise\u00f1o utilizado en el Directorio de Egresados. Dicha herramienta es de especial inter\u00e9s para alumnos de tercero y cuarto a\u00f1o, para sus pr\u00e1cticas profesionales, as\u00ed como para los de quinto a\u00f1o que van egresando.<\/li>\n<li><strong>Postulaci\u00f3n como ayudante<\/strong>: todo alumno que desee prestar sus servicios como ayudante de profesor, en materias que haya cursado, puede realizarlo en el sistema. Este servicio est\u00e1 habilitado durante la semana de inscripci\u00f3n previa al inicio de ciclo.<\/li>\n<\/ul>\n<h2>Servicios en oficina<\/h2>\n<p>Los servicios que solo pueden solicitarse en oficina de Registro Acad\u00e9mico son:<\/p>\n<ul>\n<li><strong>Cambio de inscripci\u00f3n<\/strong>: el proceso de inscripci\u00f3n en l\u00ednea tienes una fecha limite, una vez alcnazada, cualquier cambio debe realizarse en las oficinas de Registro Acad\u00e9mico, o si se trata de una carga irregular, con el decano\/a de la carrera del alumno.<\/li>\n<li><strong>Generaci\u00f3n de documentos<\/strong>: para los tr\u00e1mites que requiera el alumno, se generan los siguientes documentos:\n<ul>\n<li>Consulta de notas<\/li>\n<li>Certificaci\u00f3n de notas<\/li>\n<li>Plan de estudios<\/li>\n<li>Carta de estudiante (actual o retirado)<\/li>\n<li>Carta de egresado<\/li>\n<li>Constancia de registro de profesores<\/li>\n<li>Constancia de metodolog\u00edas de evaluaci\u00f3n<\/li>\n<\/ul>\n<\/li>\n<\/ul>\n<p>Si lo requiere pueden ser enviados los documentos desde correo institucional <a href=\"mailto:registro@esen.edu.sv\">registro@esen.edu.sv<\/a>.<\/p>\n<ul>\n<li><strong>Reserva de aulas<\/strong>: los alumnos pueden reservar aulas que se encuentren disponibles para actividades acad\u00e9micas o de asociaciones estudiantiles. Algunas aulas tienen restringido su uso.<\/li>\n<li><strong>Ayuda para el uso del servidor de clases<\/strong>: durante los a\u00f1os de estudio en ESEN, algunos profesores utilizar\u00e1n la herramienta Moodle para apoyo a sus clases (http:\/\/moodle.esen.edu.sv). El usuario y contrase\u00f1a de este servicio, es el mismo utilizado en el ingreso al sistema de alumnos.<\/li>\n<\/ul>\n","protected":false},"excerpt":{"rendered":"<p>Registro Acad\u00e9mico cuenta con un sistema para alumnos, donde pueden encontrar varios servicios accesibles en l\u00ednea. Otros servicios solo pueden accederse en las oficinas, situadas atr\u00e1s de la fuente de la plaza Legorreta. Sistema para alumnos En el sistema para <a href=\"https:\/\/registroacademico.esen.edu.sv\/index.php\/servicios\/\" class=\"read-more\">Leer m\u00e1s &#8230;<\/a><\/p>\n","protected":false},"author":1,"featured_media":0,"parent":0,"menu_order":0,"comment_status":"closed","ping_status":"open","template":"","meta":{"_crdt_document":"","footnotes":""},"class_list":["post-2","page","type-page","status-publish","hentry"],"_links":{"self":[{"href":"https:\/\/registroacademico.esen.edu.sv\/index.php\/wp-json\/wp\/v2\/pages\/2","targetHints":{"allow":["GET"]}}],"collection":[{"href":"https:\/\/registroacademico.esen.edu.sv\/index.php\/wp-json\/wp\/v2\/pages"}],"about":[{"href":"https:\/\/registroacademico.esen.edu.sv\/index.php\/wp-json\/wp\/v2\/types\/page"}],"author":[{"embeddable":true,"href":"https:\/\/registroacademico.esen.edu.sv\/index.php\/wp-json\/wp\/v2\/users\/1"}],"replies":[{"embeddable":true,"href":"https:\/\/registroacademico.esen.edu.sv\/index.php\/wp-json\/wp\/v2\/comments?post=2"}],"version-history":[{"count":9,"href":"https:\/\/registroacademico.esen.edu.sv\/index.php\/wp-json\/wp\/v2\/pages\/2\/revisions"}],"predecessor-version":[{"id":525,"href":"https:\/\/registroacademico.esen.edu.sv\/index.php\/wp-json\/wp\/v2\/pages\/2\/revisions\/525"}],"wp:attachment":[{"href":"https:\/\/registroacademico.esen.edu.sv\/index.php\/wp-json\/wp\/v2\/media?parent=2"}],"curies":[{"name":"wp","href":"https:\/\/api.w.org\/{rel}","templated":true}]}}