{"id":219,"date":"2020-06-05T20:57:40","date_gmt":"2020-06-06T02:57:40","guid":{"rendered":"http:\/\/registroacademico.esen.edu.sv\/?page_id=219"},"modified":"2020-06-19T18:29:36","modified_gmt":"2020-06-20T00:29:36","slug":"induccion-nuevo-ingreso-2020","status":"publish","type":"page","link":"https:\/\/registroacademico.esen.edu.sv\/index.php\/induccion-nuevo-ingreso-2020\/","title":{"rendered":"Inducci\u00f3n Nuevo Ingreso 2020"},"content":{"rendered":"\n<p>Bienvenido a la ESEN, aqu\u00ed encontrar\u00e1 archivos y v\u00ednculos con informaci\u00f3n sobre los diferentes servicios y actividades que se realizan en ESEN.<\/p>\n\n\n\n<h2 class=\"wp-block-heading\">Direcci\u00f3n General \/ Decanos<\/h2>\n\n\n\n<div class=\"wp-block-file\"><a href=\"https:\/\/registroacademico.esen.edu.sv\/wp-content\/uploads\/2020\/06\/Presentaci\u00f3n-Semana-0-Ingreso-Temprano-2020-Decanos-revSV-1.pptx\">Presentaci\u00f3n Semana 0 Ingreso Temprano<\/a><a href=\"https:\/\/registroacademico.esen.edu.sv\/wp-content\/uploads\/2020\/06\/Presentaci\u00f3n-Semana-0-Ingreso-Temprano-2020-Decanos-revSV-1.pptx\" class=\"wp-block-file__button\" download>Descarga<\/a><\/div>\n\n\n\n<div class=\"wp-block-file\"><a href=\"https:\/\/registroacademico.esen.edu.sv\/wp-content\/uploads\/2020\/06\/Consejos-Para-El-Aprendizaje-En-L\u00ednea.docx\">Consejos para el Aprendizaje en L\u00ednea<\/a><a href=\"https:\/\/registroacademico.esen.edu.sv\/wp-content\/uploads\/2020\/06\/Consejos-Para-El-Aprendizaje-En-L\u00ednea.docx\" class=\"wp-block-file__button\" download>Descarga<\/a><\/div>\n\n\n\n<div class=\"wp-block-file\"><a href=\"https:\/\/registroacademico.esen.edu.sv\/wp-content\/uploads\/2020\/06\/FORMULARIO-PARA-JUSTIFICAR-INASISTENCIA-O-INCUMPLIMIENTO-1.docx\">Formulario para Justificar Inasistencia o Incumplimiento<\/a><a href=\"https:\/\/registroacademico.esen.edu.sv\/wp-content\/uploads\/2020\/06\/FORMULARIO-PARA-JUSTIFICAR-INASISTENCIA-O-INCUMPLIMIENTO-1.docx\" class=\"wp-block-file__button\" download>Descarga<\/a><\/div>\n\n\n\n<h2 class=\"wp-block-heading\">Direcci\u00f3n Estudiantil<\/h2>\n\n\n\n<div class=\"wp-block-file\"><a href=\"https:\/\/registroacademico.esen.edu.sv\/wp-content\/uploads\/2020\/06\/GUIA-ESTUDIANTIL-2020.pdf\">Gu\u00eda Estudianil 2020<\/a><a href=\"https:\/\/registroacademico.esen.edu.sv\/wp-content\/uploads\/2020\/06\/GUIA-ESTUDIANTIL-2020.pdf\" class=\"wp-block-file__button\" download>Descarga<\/a><\/div>\n\n\n\n<div class=\"wp-block-file\"><a href=\"https:\/\/registroacademico.esen.edu.sv\/wp-content\/uploads\/2020\/06\/Vida-Estudiantil-ESEN-2.0.pptx\">Vida Estudiantil<\/a><a href=\"https:\/\/registroacademico.esen.edu.sv\/wp-content\/uploads\/2020\/06\/Vida-Estudiantil-ESEN-2.0.pptx\" class=\"wp-block-file__button\" download>Descarga<\/a><\/div>\n\n\n\n<h2 class=\"wp-block-heading\">Centro de Conocimiento<\/h2>\n\n\n\n<div class=\"wp-block-file\"><a href=\"https:\/\/registroacademico.esen.edu.sv\/wp-content\/uploads\/2020\/06\/Inducci\u00f3n-2020_Ingreso-tempano-final.pptx\">Inducci\u00f3n a los servicios<\/a><a href=\"https:\/\/registroacademico.esen.edu.sv\/wp-content\/uploads\/2020\/06\/Inducci\u00f3n-2020_Ingreso-tempano-final.pptx\" class=\"wp-block-file__button\" download>Descarga<\/a><\/div>\n\n\n\n<div class=\"wp-block-file\"><a href=\"https:\/\/registroacademico.esen.edu.sv\/wp-content\/uploads\/2020\/06\/Recursos-Electronicos-Abiertos-Remotos-2020.xlsx\">Recursos electr\u00f3nicos abiertos, de acceso remoto<\/a><a href=\"https:\/\/registroacademico.esen.edu.sv\/wp-content\/uploads\/2020\/06\/Recursos-Electronicos-Abiertos-Remotos-2020.xlsx\" class=\"wp-block-file__button\" download>Descarga<\/a><\/div>\n\n\n\n<h2 class=\"wp-block-heading\">Reuni\u00f3n Orientaci\u00f3n<\/h2>\n\n\n\n<p><strong>Tema: Reuni\u00f3n de orientaci\u00f3n parte II &nbsp;martes 16 jueves 18 de junio<\/strong><\/p>\n\n\n\n<p>Fecha: 18 jun 2020 03:17 PM El Salvador<br><br>Solo en el caso de los anfitriones, haga clic aqu\u00ed para ver los detalles de su grabaci\u00f3n (los espectadores no pueden acceder a esta p\u00e1gina):<br><a href=\"https:\/\/us02web.zoom.us\/recording\/detail?meeting_id=MySUB0iyTOWxnRS9H29YOg%3D%3D\">https:\/\/us02web.zoom.us\/recording\/detail?meeting_id=MySUB0iyTOWxnRS9H29YOg%3D%3D<\/a><br><br>Compartir la grabaci\u00f3n con los espectadores:<br><a href=\"https:\/\/us02web.zoom.us\/rec\/share\/wN1OEpuo93JOZbPd7nvkC457T7XCeaa8hyVNr6EIz0hwYVwQvXUw0uuM_Cb3Nsh6\">https:\/\/us02web.zoom.us\/rec\/share\/wN1OEpuo93JOZbPd7nvkC457T7XCeaa8hyVNr6EIz0hwYVwQvXUw0uuM_Cb3Nsh6<\/a> (Access Password: 8I*Y!n9#)<\/p>\n\n\n\n<p><strong>Tema: Orientaci\u00f3n a ESEN viernes 19 de junio<\/strong><\/p>\n\n\n\n<p>Fecha: 19 jun 2020 01:39 PM El Salvador<br><br>Solo en el caso de los anfitriones, haga clic aqu\u00ed para ver los detalles de su grabaci\u00f3n (los espectadores no pueden acceder a esta p\u00e1gina):<br><a href=\"https:\/\/us02web.zoom.us\/recording\/detail?meeting_id=QvgnpDxbQFGZXdkGtj8qEw%3D%3D\">https:\/\/us02web.zoom.us\/recording\/detail?meeting_id=QvgnpDxbQFGZXdkGtj8qEw%3D%3D<\/a><br><br>Compartir la grabaci\u00f3n con los espectadores:<br><a href=\"https:\/\/us02web.zoom.us\/rec\/share\/3NJ6Kanc5mlLbKP_2E3cdbIjTp3Iaaa80CBN_qcKnUqyHCYtoOoa2SOJgmyeqzVh\">https:\/\/us02web.zoom.us\/rec\/share\/3NJ6Kanc5mlLbKP_2E3cdbIjTp3Iaaa80CBN_qcKnUqyHCYtoOoa2SOJgmyeqzVh<\/a> (Access Password: 4K*6S2H2)<br><\/p>\n\n\n\n<h2 class=\"wp-block-heading\">Otros V\u00ednculos<\/h2>\n\n\n\n<div class=\"wp-block-file\"><a href=\"https:\/\/registroacademico.esen.edu.sv\/wp-content\/uploads\/2020\/06\/Errores-comunes-IT-2020.pptx\">Errores comunes del estudiante<\/a><a href=\"https:\/\/registroacademico.esen.edu.sv\/wp-content\/uploads\/2020\/06\/Errores-comunes-IT-2020.pptx\" class=\"wp-block-file__button\" download>Descarga<\/a><\/div>\n\n\n\n<div class=\"wp-block-file\"><a href=\"https:\/\/registroacademico.esen.edu.sv\/wp-content\/uploads\/2020\/06\/ManejoDelTiempo_IT_2020.pptx\">Manejo del tiempo<\/a><a href=\"https:\/\/registroacademico.esen.edu.sv\/wp-content\/uploads\/2020\/06\/ManejoDelTiempo_IT_2020.pptx\" class=\"wp-block-file__button\" download>Descarga<\/a><\/div>\n\n\n\n<p>Video de cuatro errores que no deb\u00e9s cometer en clase de Lenguaje, clic <a rel=\"noreferrer noopener\" href=\"https:\/\/web.microsoftstream.com\/video\/8b45847e-77e1-4d03-b6d2-cf3761b79598\" target=\"_blank\">aqu\u00ed<\/a>.<\/p>\n\n\n\n<div class=\"wp-block-file\"><a href=\"https:\/\/registroacademico.esen.edu.sv\/wp-content\/uploads\/2020\/06\/Servicios-en-L\u00ednea.pptx\">Servicios en L\u00ednea<\/a><a href=\"https:\/\/registroacademico.esen.edu.sv\/wp-content\/uploads\/2020\/06\/Servicios-en-L\u00ednea.pptx\" class=\"wp-block-file__button\" download>Descarga<\/a><\/div>\n\n\n\n<p>Acceso a su cuenta Office 365: <a rel=\"noreferrer noopener\" href=\"https:\/\/portal.office.com\" target=\"_blank\">https:\/\/portal.office.com<\/a><\/p>\n","protected":false},"excerpt":{"rendered":"<p>Bienvenido a la ESEN, aqu\u00ed encontrar\u00e1 archivos y v\u00ednculos con informaci\u00f3n sobre los diferentes servicios y actividades que se realizan en ESEN. Direcci\u00f3n General \/ Decanos Direcci\u00f3n Estudiantil Centro de Conocimiento Reuni\u00f3n Orientaci\u00f3n Tema: Reuni\u00f3n de orientaci\u00f3n parte II &nbsp;martes <a href=\"https:\/\/registroacademico.esen.edu.sv\/index.php\/induccion-nuevo-ingreso-2020\/\" class=\"read-more\">Leer m\u00e1s &#8230;<\/a><\/p>\n","protected":false},"author":1,"featured_media":0,"parent":0,"menu_order":0,"comment_status":"closed","ping_status":"closed","template":"","meta":{"footnotes":""},"class_list":["post-219","page","type-page","status-publish","hentry"],"_links":{"self":[{"href":"https:\/\/registroacademico.esen.edu.sv\/index.php\/wp-json\/wp\/v2\/pages\/219","targetHints":{"allow":["GET"]}}],"collection":[{"href":"https:\/\/registroacademico.esen.edu.sv\/index.php\/wp-json\/wp\/v2\/pages"}],"about":[{"href":"https:\/\/registroacademico.esen.edu.sv\/index.php\/wp-json\/wp\/v2\/types\/page"}],"author":[{"embeddable":true,"href":"https:\/\/registroacademico.esen.edu.sv\/index.php\/wp-json\/wp\/v2\/users\/1"}],"replies":[{"embeddable":true,"href":"https:\/\/registroacademico.esen.edu.sv\/index.php\/wp-json\/wp\/v2\/comments?post=219"}],"version-history":[{"count":20,"href":"https:\/\/registroacademico.esen.edu.sv\/index.php\/wp-json\/wp\/v2\/pages\/219\/revisions"}],"predecessor-version":[{"id":257,"href":"https:\/\/registroacademico.esen.edu.sv\/index.php\/wp-json\/wp\/v2\/pages\/219\/revisions\/257"}],"wp:attachment":[{"href":"https:\/\/registroacademico.esen.edu.sv\/index.php\/wp-json\/wp\/v2\/media?parent=219"}],"curies":[{"name":"wp","href":"https:\/\/api.w.org\/{rel}","templated":true}]}}