{"id":23,"date":"2016-07-15T13:00:11","date_gmt":"2016-07-15T19:00:11","guid":{"rendered":"http:\/\/inscripcion.esen.edu.sv\/registro\/?page_id=23"},"modified":"2016-07-19T13:51:19","modified_gmt":"2016-07-19T19:51:19","slug":"inicio","status":"publish","type":"page","link":"https:\/\/registroacademico.esen.edu.sv\/index.php\/inicio\/","title":{"rendered":"\u00bfQu\u00e9 es Registro Acad\u00e9mico?"},"content":{"rendered":"<p>Registro Acad\u00e9mico es la unidad encargada de llevar los expedientes de estudiantes y profesores, adem\u00e1s de centralizar toda la informaci\u00f3n requerida para que un alumno pueda graduarse y cumpla los requisitos legales as\u00ed como los estipulados en el Reglamento Acad\u00e9mico.<\/p>\n","protected":false},"excerpt":{"rendered":"<p>Registro Acad\u00e9mico es la unidad encargada de llevar los expedientes de estudiantes y profesores, adem\u00e1s de centralizar toda la informaci\u00f3n requerida para que un alumno pueda graduarse y cumpla los requisitos legales as\u00ed como los estipulados en el Reglamento Acad\u00e9mico.<\/p>\n","protected":false},"author":1,"featured_media":0,"parent":0,"menu_order":0,"comment_status":"closed","ping_status":"closed","template":"","meta":{"_crdt_document":"","footnotes":""},"class_list":["post-23","page","type-page","status-publish","hentry"],"_links":{"self":[{"href":"https:\/\/registroacademico.esen.edu.sv\/index.php\/wp-json\/wp\/v2\/pages\/23","targetHints":{"allow":["GET"]}}],"collection":[{"href":"https:\/\/registroacademico.esen.edu.sv\/index.php\/wp-json\/wp\/v2\/pages"}],"about":[{"href":"https:\/\/registroacademico.esen.edu.sv\/index.php\/wp-json\/wp\/v2\/types\/page"}],"author":[{"embeddable":true,"href":"https:\/\/registroacademico.esen.edu.sv\/index.php\/wp-json\/wp\/v2\/users\/1"}],"replies":[{"embeddable":true,"href":"https:\/\/registroacademico.esen.edu.sv\/index.php\/wp-json\/wp\/v2\/comments?post=23"}],"version-history":[{"count":4,"href":"https:\/\/registroacademico.esen.edu.sv\/index.php\/wp-json\/wp\/v2\/pages\/23\/revisions"}],"predecessor-version":[{"id":62,"href":"https:\/\/registroacademico.esen.edu.sv\/index.php\/wp-json\/wp\/v2\/pages\/23\/revisions\/62"}],"wp:attachment":[{"href":"https:\/\/registroacademico.esen.edu.sv\/index.php\/wp-json\/wp\/v2\/media?parent=23"}],"curies":[{"name":"wp","href":"https:\/\/api.w.org\/{rel}","templated":true}]}}