{"id":7,"date":"2016-07-14T17:34:29","date_gmt":"2016-07-14T23:34:29","guid":{"rendered":"http:\/\/inscripcion.esen.edu.sv\/registro\/?page_id=7"},"modified":"2018-05-22T09:57:24","modified_gmt":"2018-05-22T15:57:24","slug":"reglamentos","status":"publish","type":"page","link":"https:\/\/registroacademico.esen.edu.sv\/index.php\/reglamentos\/","title":{"rendered":"Reglamentos"},"content":{"rendered":"<p>Conozca los reglamentos que rigen la actividad acad\u00e9mica de ESEN:<\/p>\n<ul>\n<li><a href=\"https:\/\/www.esen.edu.sv\/wp-content\/uploads\/2017\/08\/02-RAESEN.pdf\">Reglamento Acad\u00e9mico<\/a><\/li>\n<li><a href=\"https:\/\/registroacademico.esen.edu.sv\/wp-content\/uploads\/2016\/07\/Lineamientos-Generales-Ayudantes.pdf\">Lineamientos Generales Ayudantes<\/a><\/li>\n<\/ul>\n<p>En esta parte puede ver las pol\u00edticas y normas que se esperan de cualquier alumno, profesor o personal administrativo de la ESEN, en diferentes \u00e1mbitos y lugares:<\/p>\n<ul>\n<li><a href=\"https:\/\/registroacademico.esen.edu.sv\/wp-content\/uploads\/2016\/07\/Pol\u00edticas-para-Ex\u00e1menes.pdf\">Pol\u00edticas para Ex\u00e1menes<\/a><\/li>\n<li><a href=\"https:\/\/registroacademico.esen.edu.sv\/wp-content\/uploads\/2016\/07\/Normas-para-Uso-de-Auditorium.pdf\">Normas para Uso de Auditorium<\/a><\/li>\n<li><a href=\"https:\/\/www.esen.edu.sv\/wp-content\/uploads\/2017\/08\/04-codigo-de-etica-ESEN.pdf\">C\u00f3digo de \u00c9tica<\/a><\/li>\n<\/ul>\n<p>Puede encontrar estos y otros reglamentos en la secci\u00f3n de nuestra p\u00e1gina institucional: <a href=\"https:\/\/www.esen.edu.sv\/informacion-institucional\/\">https:\/\/www.esen.edu.sv\/informacion-institucional\/<\/a>.<\/p>\n","protected":false},"excerpt":{"rendered":"<p>Conozca los reglamentos que rigen la actividad acad\u00e9mica de ESEN: Reglamento Acad\u00e9mico Lineamientos Generales Ayudantes En esta parte puede ver las pol\u00edticas y normas que se esperan de cualquier alumno, profesor o personal administrativo de la ESEN, en diferentes \u00e1mbitos <a href=\"https:\/\/registroacademico.esen.edu.sv\/index.php\/reglamentos\/\" class=\"read-more\">Leer m\u00e1s &#8230;<\/a><\/p>\n","protected":false},"author":1,"featured_media":0,"parent":0,"menu_order":0,"comment_status":"closed","ping_status":"closed","template":"","meta":{"_crdt_document":"","footnotes":""},"class_list":["post-7","page","type-page","status-publish","hentry"],"_links":{"self":[{"href":"https:\/\/registroacademico.esen.edu.sv\/index.php\/wp-json\/wp\/v2\/pages\/7","targetHints":{"allow":["GET"]}}],"collection":[{"href":"https:\/\/registroacademico.esen.edu.sv\/index.php\/wp-json\/wp\/v2\/pages"}],"about":[{"href":"https:\/\/registroacademico.esen.edu.sv\/index.php\/wp-json\/wp\/v2\/types\/page"}],"author":[{"embeddable":true,"href":"https:\/\/registroacademico.esen.edu.sv\/index.php\/wp-json\/wp\/v2\/users\/1"}],"replies":[{"embeddable":true,"href":"https:\/\/registroacademico.esen.edu.sv\/index.php\/wp-json\/wp\/v2\/comments?post=7"}],"version-history":[{"count":9,"href":"https:\/\/registroacademico.esen.edu.sv\/index.php\/wp-json\/wp\/v2\/pages\/7\/revisions"}],"predecessor-version":[{"id":165,"href":"https:\/\/registroacademico.esen.edu.sv\/index.php\/wp-json\/wp\/v2\/pages\/7\/revisions\/165"}],"wp:attachment":[{"href":"https:\/\/registroacademico.esen.edu.sv\/index.php\/wp-json\/wp\/v2\/media?parent=7"}],"curies":[{"name":"wp","href":"https:\/\/api.w.org\/{rel}","templated":true}]}}